{"id":6397,"date":"2018-10-29T16:41:48","date_gmt":"2018-10-29T16:41:48","guid":{"rendered":"http:\/\/testing.mymysticland.com\/?page_id=6397"},"modified":"2023-09-28T13:26:46","modified_gmt":"2023-09-28T12:26:46","slug":"terminos-y-condiciones","status":"publish","type":"page","link":"https:\/\/www.mymysticland.com\/es\/terminos-y-condiciones\/","title":{"rendered":"T\u00e9rminos y Condiciones"},"content":{"rendered":"<article>\n<h3 class=\"small-title indent-left\">1. Descripci\u00f3n del Servicio<\/h3>\n<p>El servicio de campa\u00f1as de marketing de permiso consiste en enviar a trav\u00e9s de e-mail y\/o SMS, desde que se verifique la correspondiente autorizaci\u00f3n expresa del utilizador, informaci\u00f3n y publicidad sobre productos y servicios adecuados. El suscriptor manifiesta que est\u00e1 de acuerdo con lo siguiente: (1) Facilitar determinada informaci\u00f3n actualizada, completa y ver\u00eddica sobre el Suscriptor, de acuerdo con lo solicitado por el servicio y<br \/>\n(2) Mantener y actualizar la misma informaci\u00f3n para conservarla completa y ver\u00eddica.<\/p>\n<p>El suscriptor manifiesta que conoce y es consciente de que los datos que proporciona (a partir de ahora &#8216;Informaci\u00f3n de Registro&#8217;) ir\u00e1n a ser incorporados en un fichero autom\u00e1tico en un tratamiento de datos de car\u00e1cter personal.<br \/>\nSi alguna informaci\u00f3n proveniente del Suscriptor fuese falsa o inexacta, Blue Market se reserva el derecho de cancelar la suscripci\u00f3n del Suscriptor y dar por terminados los derechos del Suscriptor para utilizar el servicio.<\/p>\n<p>El suscriptor autoriza a Blue Market a conservar y utilizar los datos del Suscriptor para ofrecerles otros servicios y productos.<\/p>\n<p>Registro es recogida, grabada y conservada en los servidores de Blue Market.<\/p>\n<p>El Suscriptor podr\u00e1 ejercer sus derechos de acceso, rectificaci\u00f3n, cancelamiento y opocici\u00f3n, en lo que respecta al tratamiento de sus datos personales.<\/p>\n<p>El ejerc\u00edcio de los derechos deber\u00e1 realizarse a trav\u00e9s de cualquier medio que el utilizador considere pertinente:<br \/>\na) A trav\u00e9s de los links de cancelamiento de servicio presentes en todas las comunicaciones enviadas por e-mail; b) Por e-mail: mydata@mymysticland.com, con el asunto a eliminar; c) O por correo, a la direcci\u00f3n indicada al inicio de este documento.<\/p>\n<h3 class=\"small-title indent-left\">2. Limitaci\u00f3n de Responsabilidad<\/h3>\n<p>El suscriptor acepta expresamente asumir exclusivamente todo y cualquier riesgo proveniente de la utilizaci\u00f3n del servicio de campa\u00f1as de marketing de permiso.<\/p>\n<p>Blue Market no se responsabiliza por la imposibilidad de uso, la interrupci\u00f3n de neg\u00f3cios, ni por los da\u00f1os directos o indirectos, especiales, accidentales, o consecuentes de cualquier tipo de negligencia (incluyendo la p\u00e9rdida de benef\u00edcios).<\/p>\n<p>Blue Market no garantiza que el servicio responda a los requisitos del subscritor, ni que el servicio no sea interrumpido, ni que sea seguro, oportuno o exento de errores, como tampoco asegura los resultados que se obtengan de la utilizaci\u00f3n del servicio, ni la exactitud o fiabilidad de la informaci\u00f3n obtenida a trav\u00e9s del servicio.<\/p>\n<p>Los websites y e-mails enviados por Blue Market pueden contener conexiones a otros websites que est\u00e1n fuera del control de Blue Market y que no son controlados por Blue Market.<\/p>\n<p>En caso de que el utilizador acceda a otros sites utilizando esas conexiones, tendr\u00e1 que tener atenci\u00f3n a que esos sites podr\u00e1n eventualmente solicitar y recoger datos personales, de acuerdo con la respectiva pol\u00edtica de privacidad, que podr\u00e1 ser diferente de la nuestra.<\/p>\n<p>Es importante tambi\u00e9n referir que los sites e e-mails enviados por Blue Market podr\u00e1n puntualmente proporcionar links a otros sites creados y gestionados por otras organizaciones.<\/p>\n<p>Una vez que esos sites no son propiedad de Blue Market, no podemos garantizar la calidad, conformidad o funcionamiento de los mismos, y nuestra relaci\u00f3n con los dichos sites, no supone un aval, ni de los productos y servicios vendidos o anunciados, ni de cualquier informaci\u00f3n presente en los sites en cuesti\u00f3n.<\/p>\n<p>Recomendamos fuertemente, que tenga mucha atenci\u00f3n y que tenga tambi\u00e9n en cuenta que en ninguna circunstancia Blue Market, ser\u00e1 responsable, directa o indirectamente, de cualquier da\u00f1o o perdida causada, o supuestamente causados, al utilizador o familiares en relaci\u00f3n al uso de los contenidos, bienes o servicios disponibles en cualquier un de esos websites.<\/p>\n<h3 class=\"small-title indent-left\">3. Prohibici\u00f3n de Reventa o Uso Comercial de los Servicios<\/h3>\n<p>La utilizaci\u00f3n de los Servicios es \u00fanicamente para Suscriptores y Clientes (Patrocinadores) de Blue Market. Los Suscriptores y Patrocinadores aceptan no ceder ni hacer ning\u00fan tipo de uso comercial del Servicio sin el expreso consentimiento de Blue Market.<\/p>\n<h3 class=\"small-title indent-left\">4. Conducta del Suscriptor<\/h3>\n<p>El Suscriptor es el \u00fanico responsable por el contenido de las transmisiones a trav\u00e9s del Servicio. La utilizaci\u00f3n del servicio por parte del Suscriptor est\u00e1 presentada en las leyes y reglamentos locales, regionales, aut\u00f3nomos, nacionales e internacionales.<\/p>\n<p>El Suscriptor acepta:<br \/>\n1) No utilizar el Servicio com fines il\u00edcitos, ni prohibidos en este documento<br \/>\n2) No interferir en los sistemas de redes conectados al Servicio ni desarticularlos<br \/>\n3) Acatar todos los reglamentos, disposiciones y procedimientos de los sistemas de redes conectados al servicio de campa\u00f1as de marketing de permiso.<br \/>\nBlue Market podr\u00e1, seg\u00fan su pr\u00f3prio criterio, dar por terminado el servicio de campa\u00f1as de marketing autoriazado de forma inmediata, si la conducta del suscriptor no fuese de acuerdo con estos t\u00e9rminos y condiciones.<\/p>\n<h3 class=\"small-title indent-left\">5. Indemnizaci\u00f3n<\/h3>\n<p>El suscriptor acepta indemnizar y exculpar de toda la responsabilidad a Blue Market, sus directivos y empleados, en cualquier reclamaci\u00f3n o proceso, incluyendo, razonables sal\u00e1rios de abogados, realizados por terceros como consecuencia del uso del servicio de campa\u00f1as de marketing de permiso por el Suscriptor, o por la infracci\u00f3n por parte del Suscriptor de lo establecido en el presente acuerdo, as\u00ed como tambi\u00e9n, por la infracci\u00f3n del Suscriptor u otro utilizador del servicio de campa\u00f1as de marketing de permiso, mediante el ordenador del Suscriptor, de la propiedad intelectual, industrial o cualquier otro derecho de una persona f\u00edsica o jur\u00eddica.<\/p>\n<h3 class=\"small-title indent-left\">6. Participaci\u00f3n o adesi\u00f3n a las campa\u00f1as publicit\u00e1rias<\/h3>\n<p>El Suscriptor podr\u00e1 mantener contactos con los Patrocinadores que presentan sus productos en el servicio de campa\u00f1as de marketing de permiso o participar en sus campa\u00f1as publicit\u00e1rias. Estos contactos o participaci\u00f3n en campa\u00f1as, incluyendo la entrega de mercanc\u00edas, abastecimiento de servicios y pago por ellas, y cualquier otros t\u00e9rminos, condiciones, garantias relacionadas con tales contactos o campa\u00f1as publicit\u00e1rias ir\u00e1n establecerse \u00fanicamente entre el Suscriptor y el Patrocinador. Blue Market no asume responsabilidad, ni ninguna obligaci\u00f3n derivada de tales contactos o paticipaci\u00f3n.<\/p>\n<h3 class=\"small-title indent-left\">7. T\u00e9rminos Generales<\/h3>\n<p>El presente acuerdo se regir\u00e1 por la Ley Portuguesa, sujetandose las partes de cualquier cuesti\u00f3n litigiosa derivada del presente acuerdo a Jueces y Tribunales de Oporto (Portugal). Los t\u00edtulos de las cl\u00e1usulas en el presente acuerdo se utilizan \u00fanicamente para la comodidad de las partes y carecen de significado legal o contractual.<\/p>\n<h3 class=\"small-title indent-left\">8. Modificaciones en las Condiciones del Servicio<\/h3>\n<p>Debido a las condiciones especiales del Servicio, y para poder prestar el servicio m\u00e1s adecuado en cada momento, Blue Market podr\u00e1 modificar los t\u00e9rminos y condiciones del presente acuerdo, notificando al Suscriptor mediante la comunicaci\u00f3n de los cambios en nuestro sitio web, de tal modo que Suscriptor tenga conocimiento de los mismos. La utilizaci\u00f3n ininterrumpida del servicio de campa\u00f1as de marketing de permiso por parte del Suscriptor constituir\u00e1 una ratificaci\u00f3n del presente documento, con las modificaciones y alteraciones que se tengan introducido.<\/p>\n<h3 class=\"small-title indent-left\">9. Modificaciones en el Servicio<\/h3>\n<p>Por las mismas razones anteriormente mencionadas, Blue Market se reserva el derecho de modificar o interrumpir el Servicio de Campa\u00f1as de Marketing de Permiso en su totalidad o en parte, habiendo enviado o no notificaci\u00f3n al Suscriptor.<\/p>\n<p>Blue Market no ser\u00e1 responsable ante el Suscriptor ni ante terceros por tener ejercido su derecho de modificar o interrumpir el Servicio de campa\u00f1as de marketing de permiso.<\/p>\n<h3 class=\"small-title indent-left\">10. Terminaci\u00f3n de la Relacci\u00f3n<\/h3>\n<p>Tanto el Suscriptor como Blue Market podr\u00e1n dar por finalizado el Servicio en cualquier momento, sin pre-aviso, con justificaci\u00f3n o sin ella, y tal decisi\u00f3n ser\u00e1 inmediatamente efectiva.<\/p>\n<p>Blue Market no ser\u00e1 responsable ante el Suscriptor ni ante terceros por el fin del servicio de campa\u00f1as de marketing de permiso.<\/p>\n<p>En el caso de desacuerdo del Suscriptor en cualquiera de los t\u00e9rminos y condiciones del presente acuerdo o cualquiera de sus modificaciones, o en caso de no estar satisfecho con el servicio de campa\u00f1as de marketing de permiso, el recurso inmediato que le corresponde es:<\/p>\n<p>1) Interrumpir el uso del servicio;<\/p>\n<p>2) Cancelar su Suscripci\u00f3n al Servicio;<\/p>\n<p>3) Notificar a Blue Market de la terminaci\u00f3n, por las vias descritas en el punto 1 (Descripci\u00f3n del Servicio).<\/p>\n<p>En el momento de la terminaci\u00f3n del Servicio, terminan inmediatamente los derechos del Suscriptor a utilizar el servicio de campa\u00f1as de Marketing de permiso.<\/p>\n<\/article>\n<p>&nbsp;<\/p>\n<p style=\"text-align: right;\">\u00daltima Actualizaci\u00f3n: 19\/06\/2018<\/p>\n","protected":false},"excerpt":{"rendered":"<p>1. Descripci\u00f3n del Servicio El servicio de campa\u00f1as de marketing de permiso consiste en enviar a trav\u00e9s de e-mail y\/o SMS, desde que se verifique la correspondiente autorizaci\u00f3n expresa del utilizador, informaci\u00f3n y publicidad sobre productos y servicios adecuados. El suscriptor manifiesta que est\u00e1 de acuerdo con lo siguiente: (1) Facilitar determinada informaci\u00f3n actualizada, completa [&hellip;]<\/p>\n","protected":false},"author":1891,"featured_media":0,"parent":0,"menu_order":0,"comment_status":"closed","ping_status":"closed","template":"custompaget1.php","meta":[],"yst_prominent_words":[2640,2711,2697,1200,2728,2746,2742,2733,2718,2737,1055,2753,2757,2723,2813,2705,2690,2814,2811,2812],"_links":{"self":[{"href":"https:\/\/www.mymysticland.com\/es\/wp-json\/wp\/v2\/pages\/6397"}],"collection":[{"href":"https:\/\/www.mymysticland.com\/es\/wp-json\/wp\/v2\/pages"}],"about":[{"href":"https:\/\/www.mymysticland.com\/es\/wp-json\/wp\/v2\/types\/page"}],"author":[{"embeddable":true,"href":"https:\/\/www.mymysticland.com\/es\/wp-json\/wp\/v2\/users\/1891"}],"replies":[{"embeddable":true,"href":"https:\/\/www.mymysticland.com\/es\/wp-json\/wp\/v2\/comments?post=6397"}],"version-history":[{"count":0,"href":"https:\/\/www.mymysticland.com\/es\/wp-json\/wp\/v2\/pages\/6397\/revisions"}],"wp:attachment":[{"href":"https:\/\/www.mymysticland.com\/es\/wp-json\/wp\/v2\/media?parent=6397"}],"wp:term":[{"taxonomy":"yst_prominent_words","embeddable":true,"href":"https:\/\/www.mymysticland.com\/es\/wp-json\/wp\/v2\/yst_prominent_words?post=6397"}],"curies":[{"name":"wp","href":"https:\/\/api.w.org\/{rel}","templated":true}]}}