{"id":7729,"date":"2018-11-19T16:09:53","date_gmt":"2018-11-19T16:09:53","guid":{"rendered":"http:\/\/testing.mymysticland.com\/?page_id=7729"},"modified":"2019-12-09T13:02:52","modified_gmt":"2019-12-09T13:02:52","slug":"bola-de-cristal-es","status":"publish","type":"page","link":"https:\/\/www.mymysticland.com\/es\/bola-de-cristal-es\/","title":{"rendered":"Bola de Cristal"},"content":{"rendered":"<p><strong>\u00bfNecesita orientaci\u00f3n sobre una situaci\u00f3n en su vida? \u00bfTiene que tomar una decisi\u00f3n y no sabe qu\u00e9 hacer? Utilice nuestra Bola de Cristal para obtener las respuestas que busca. Este juego, totalmente gratuito, se basa en respuestas aleatorias. Puede hacer la misma pregunta tantas veces como lo desee. Averig\u00fce qu\u00e9 le deparar\u00e1 el futuro en asuntos como Salud, Amor, Trabajo y Dinero.<\/strong><\/p>\n<p><a href=\"\/es\/login\"><button class=\"btn btn-primary margin-top-20 btn-bola margin-bottom-20\" type=\"button\">HACER UNA PREGUNTA<\/button><\/a><\/p>\n<p>Si esta es su primera experiencia, t\u00f3mese el tiempo para aprender m\u00e1s sobre este juego y lo que puede hacer por su bienestar.<\/p>\n<h2>\u00bfC\u00f3mo surgi\u00f3 la pr\u00e1ctica de la Bola de Cristal?<\/h2>\n<p>El uso de la Bola de Cristal en las pr\u00e1cticas de adivinaci\u00f3n y explorar el mundo m\u00edstico se le ocurri\u00f3 a los Druidas, los sacerdotes de los pueblos celtas.<\/p>\n<p>Bolas de cristal y bolas de agua fueron algunos de los instrumentos utilizados en la pr\u00e1ctica de la magia, algo que comenz\u00f3 a ser documentado por el naturalista romano Caio Pl\u00ednio. Inicialmente, esta pr\u00e1ctica fue considerada como una expresi\u00f3n de magia negra y, por lo tanto, condenada.<\/p>\n<p>En el Renacimiento, con el descubrimiento y la difusi\u00f3n de documentos y libros, surgi\u00f3 un nuevo inter\u00e9s en torno a los poderes de este objeto y su funci\u00f3n en el mundo de lo m\u00edstico y lo oculto.<\/p>\n<p>En este momento, comienza a hacerse una racionalizaci\u00f3n de temas tales como la clarividencia y la <a href=\"https:\/\/www.mymysticland.com\/es\/astrologia-es\/\" target=\"_blank\" rel=\"noopener noreferrer\">Astrolog\u00eda<\/a>. Algo que despierta la curiosidad de muchos a las diversas artes ocultas, incluida la lectura de la Bola de Cristal.<\/p>\n<p>Estamos acostumbrados a imaginar qui\u00e9n lee el futuro, como un hombre o una mujer con un turbante en la cabeza, ojos negros y joyas. Esta curiosa asociaci\u00f3n proviene del desarrollo de las artes de la clarividencia por parte de los gitanos, a lo largo de los siglos.<\/p>\n<p>La cultura popular ha ayudado a reforzar este estereotipo, que no siempre corresponde a la realidad. La lectura de la Bola de Cristal se puede hacer de muchas maneras, en diversos contextos. Para esto, solo cree en tus poderes de adivinaci\u00f3n.<\/p>\n<h2>\u00bfPara qu\u00e9 sirve la Bola de Cristal?<\/h2>\n<p>Los cristales son la manifestaci\u00f3n m\u00e1s pura de energ\u00eda y la luz en el plano fisico. Teniendo la forma esf\u00e9rica, es la m\u00e1xima representaci\u00f3n de esta energ\u00eda y, por lo tanto, el instrumento de adivinaci\u00f3n m\u00e1s efectivo.<\/p>\n<h2>\u00bfC\u00f3mo funciona la Bola de Cristal?<\/h2>\n<p>A pesar de la gran asociaci\u00f3n con la magia, los poderes de la Bola de Cristal residen, sobre todo, en la concentraci\u00f3n de energ\u00edas. Se utiliza para adivinar el futuro al interpretar las im\u00e1genes que aparecen en la superficie de los cristales.<\/p>\n<p>Cada pregunta que surge en tu mente refleja tu energ\u00eda. M\u00e1s que una gu\u00eda, este juego de la Bola de Cristal le brinda los mejores consejos para su pregunta.<\/p>\n<p>La respuesta indica la mejor postura que puede tomar en relaci\u00f3n con la pregunta.<\/p>\n<h2>\u00bfTiene que tomar una decisi\u00f3n importante?<\/h2>\n<p>Utilice nuestra Bola de Cristal para obtener las respuestas que busca sobre situaciones espec\u00edficas de su vida. Sin l\u00edmite de uso, puede jugar cuando y donde lo necesite. Averig\u00fce qu\u00e9 le deparar\u00e1 el futuro en asuntos como Salud, Amor, Trabajo y Dinero.<\/p>\n","protected":false},"excerpt":{"rendered":"<p>\u00bfNecesita orientaci\u00f3n sobre una situaci\u00f3n en su vida? \u00bfTiene que tomar una decisi\u00f3n y no sabe qu\u00e9 hacer? Utilice nuestra Bola de Cristal para obtener las respuestas que busca. Este juego, totalmente gratuito, se basa en respuestas aleatorias. Puede hacer la misma pregunta tantas veces como lo desee. Averig\u00fce qu\u00e9 le deparar\u00e1 el futuro en [&hellip;]<\/p>\n","protected":false},"author":1891,"featured_media":8105,"parent":0,"menu_order":0,"comment_status":"closed","ping_status":"closed","template":"CustomPageCrystalBall.php","meta":[],"yst_prominent_words":[2865,2868,2867,2869],"_links":{"self":[{"href":"https:\/\/www.mymysticland.com\/es\/wp-json\/wp\/v2\/pages\/7729"}],"collection":[{"href":"https:\/\/www.mymysticland.com\/es\/wp-json\/wp\/v2\/pages"}],"about":[{"href":"https:\/\/www.mymysticland.com\/es\/wp-json\/wp\/v2\/types\/page"}],"author":[{"embeddable":true,"href":"https:\/\/www.mymysticland.com\/es\/wp-json\/wp\/v2\/users\/1891"}],"replies":[{"embeddable":true,"href":"https:\/\/www.mymysticland.com\/es\/wp-json\/wp\/v2\/comments?post=7729"}],"version-history":[{"count":0,"href":"https:\/\/www.mymysticland.com\/es\/wp-json\/wp\/v2\/pages\/7729\/revisions"}],"wp:featuredmedia":[{"embeddable":true,"href":"https:\/\/www.mymysticland.com\/es\/wp-json\/wp\/v2\/media\/8105"}],"wp:attachment":[{"href":"https:\/\/www.mymysticland.com\/es\/wp-json\/wp\/v2\/media?parent=7729"}],"wp:term":[{"taxonomy":"yst_prominent_words","embeddable":true,"href":"https:\/\/www.mymysticland.com\/es\/wp-json\/wp\/v2\/yst_prominent_words?post=7729"}],"curies":[{"name":"wp","href":"https:\/\/api.w.org\/{rel}","templated":true}]}}